{"id":102644,"date":"2025-04-11T13:55:59","date_gmt":"2025-04-11T11:55:59","guid":{"rendered":"https:\/\/wwskincare.com\/?page_id=102644"},"modified":"2026-02-25T12:50:15","modified_gmt":"2026-02-25T11:50:15","slug":"login","status":"publish","type":"page","link":"https:\/\/wwskincare.com\/en\/login\/","title":{"rendered":"login"},"content":{"rendered":"<p>[et_pb_section fb_built=&#8221;1&#8243; theme_builder_area=&#8221;post_content&#8221; _builder_version=&#8221;4.27.4&#8243; _module_preset=&#8221;default&#8221;][et_pb_row _builder_version=&#8221;4.27.4&#8243; _module_preset=&#8221;default&#8221; theme_builder_area=&#8221;post_content&#8221;][et_pb_column _builder_version=&#8221;4.27.4&#8243; _module_preset=&#8221;default&#8221; type=&#8221;4_4&#8243; theme_builder_area=&#8221;post_content&#8221;][et_pb_login title=&#8221;Witamy na stronie Logowania&#8221; _builder_version=&#8221;4.27.4&#8243; _module_preset=&#8221;default&#8221; theme_builder_area=&#8221;post_content&#8221; hover_enabled=&#8221;0&#8243; sticky_enabled=&#8221;0&#8243; background_color=&#8221;RGBA(255,255,255,0)&#8221; border_width_all=&#8221;1px&#8221; border_color_all=&#8221;#cecece&#8221; border_radii=&#8221;on|4px|4px|4px|4px&#8221; border_width_all_fields=&#8221;1px&#8221; border_color_all_fields=&#8221;#a3a3a3&#8243; header_text_color=&#8221;#000000&#8243; header_text_align=&#8221;left&#8221; body_text_color=&#8221;#000000&#8243; body_font_size=&#8221;18px&#8221; body_font=&#8221;&#8211;et_global_heading_font|300|||||||&#8221; body_line_height=&#8221;1.5em&#8221; header_font=&#8221;&#8211;et_global_heading_font||||||||&#8221; header_font_size=&#8221;27px&#8221; header_line_height=&#8221;1.5em&#8221; current_page_redirect=&#8221;on&#8221;]<\/p>\n<p>Po zalogowaniu b\u0119dziesz m\u00f3g\u0142 zobaczy\u0107 swoje zam\u00f3wienia oraz ich status.<br \/>W razie pyta\u0144 skontaktuj si\u0119 z nami.<\/p>\n<p>Pozdrawiamy<\/p>\n<p>[\/et_pb_login][\/et_pb_column][\/et_pb_row][\/et_pb_section]<\/p>\n","protected":false},"excerpt":{"rendered":"<p>Po zalogowaniu b\u0119dziesz m\u00f3g\u0142 zobaczy\u0107 swoje zam\u00f3wienia oraz ich status.W razie pyta\u0144 skontaktuj si\u0119 z nami. Pozdrawiamy<\/p>\n","protected":false},"author":1,"featured_media":0,"parent":0,"menu_order":0,"comment_status":"closed","ping_status":"closed","template":"","meta":{"_et_pb_use_builder":"on","_et_pb_old_content":"","_et_gb_content_width":"","inline_featured_image":false,"_monsterinsights_skip_tracking":false,"_monsterinsights_sitenote_active":false,"_monsterinsights_sitenote_note":"","_monsterinsights_sitenote_category":0,"footnotes":""},"difl_page_category":[],"class_list":["post-102644","page","type-page","status-publish","hentry"],"aioseo_notices":[],"_links":{"self":[{"href":"https:\/\/wwskincare.com\/en\/wp-json\/wp\/v2\/pages\/102644","targetHints":{"allow":["GET"]}}],"collection":[{"href":"https:\/\/wwskincare.com\/en\/wp-json\/wp\/v2\/pages"}],"about":[{"href":"https:\/\/wwskincare.com\/en\/wp-json\/wp\/v2\/types\/page"}],"author":[{"embeddable":true,"href":"https:\/\/wwskincare.com\/en\/wp-json\/wp\/v2\/users\/1"}],"replies":[{"embeddable":true,"href":"https:\/\/wwskincare.com\/en\/wp-json\/wp\/v2\/comments?post=102644"}],"version-history":[{"count":24,"href":"https:\/\/wwskincare.com\/en\/wp-json\/wp\/v2\/pages\/102644\/revisions"}],"predecessor-version":[{"id":103615,"href":"https:\/\/wwskincare.com\/en\/wp-json\/wp\/v2\/pages\/102644\/revisions\/103615"}],"wp:attachment":[{"href":"https:\/\/wwskincare.com\/en\/wp-json\/wp\/v2\/media?parent=102644"}],"wp:term":[{"taxonomy":"difl_page_category","embeddable":true,"href":"https:\/\/wwskincare.com\/en\/wp-json\/wp\/v2\/difl_page_category?post=102644"}],"curies":[{"name":"wp","href":"https:\/\/api.w.org\/{rel}","templated":true}]}}