{"id":100249,"date":"2023-01-25T22:39:06","date_gmt":"2023-01-25T21:39:06","guid":{"rendered":"https:\/\/wwskincare.com\/centrum-ochrony-prywatnosci\/polityka-cookie\/"},"modified":"2026-01-26T17:24:32","modified_gmt":"2026-01-26T16:24:32","slug":"polityka-cookie","status":"publish","type":"page","link":"https:\/\/wwskincare.com\/en\/centrum-ochrony-prywatnosci\/polityka-cookie\/","title":{"rendered":"Polityka Cookie"},"content":{"rendered":"<h2>Pliki \u201ecookies\u201d<\/h2>\n<h3>Informacje og\u00f3lne<\/h3>\n<p>Podczas przegl\u0105dania stron internetowych Sklepu Internetowego s\u0105 u\u017cywane pliki &#8220;cookies&#8221;, zwane dalej Cookies, czyli niewielkie informacje tekstowe, kt\u00f3re s\u0105 zapisywane w Twoim urz\u0105dzeniu ko\u0144cowym w zwi\u0105zku z korzystaniem ze Sklepu Internetowego. Ich stosowanie ma na celu poprawne dzia\u0142anie stron internetowych Sklepu Internetowego.<\/p>\n<p>Pliki te pozwalaj\u0105 zidentyfikowa\u0107 oprogramowanie wykorzystywane przez Ciebie i dostosowa\u0107 Sklep Internetowy indywidualnie do Twoich potrzeb.<\/p>\n<p>Pliki Cookies zazwyczaj zawieraj\u0105 nazw\u0119 domeny, z kt\u00f3rej pochodz\u0105, czas przechowywania ich na urz\u0105dzeniu oraz przypisan\u0105 warto\u015b\u0107.<\/p>\n<h3>Bezpiecze\u0144stwo<\/h3>\n<p>Stosowane przez nas pliki Cookies s\u0105 bezpieczne dla Twoich urz\u0105dze\u0144. W szczeg\u00f3lno\u015bci nie jest mo\u017cliwe przedostanie si\u0119 do Twoich urz\u0105dze\u0144 poprzez pliki Cookies wirus\u00f3w lub innego niechcianego oprogramowania lub oprogramowania z\u0142o\u015bliwego.<\/p>\n<h3>Rodzaje plik\u00f3w Cookies<\/h3>\n<p>Stosujemy dwa rodzaje plik\u00f3w Cookies:<\/p>\n<ul>\n<li>Cookies sesyjne: s\u0105 przechowywane na Twoim urz\u0105dzeniu i pozostaj\u0105 tam do momentu zako\u0144czenia sesji danej przegl\u0105darki. Zapisane informacje s\u0105 w\u00f3wczas trwale usuwane z pami\u0119ci Twojego urz\u0105dzenia. Mechanizm Cookies sesyjnych nie pozwala na pobieranie jakichkolwiek danych osobowych ani \u017cadnych informacji poufnych z Twojego urz\u0105dzenia.<\/li>\n<li>Cookies trwa\u0142e: s\u0105 przechowywane na Twoim urz\u0105dzeniu i pozostaj\u0105 tam do momentu ich skasowania. Zako\u0144czenie sesji danej przegl\u0105darki lub wy\u0142\u0105czenie urz\u0105dzenia nie powoduje ich usuni\u0119cia z Twojego urz\u0105dzenia. Mechanizm Cookies trwa\u0142ych nie pozwala na pobieranie jakichkolwiek danych osobowych ani \u017cadnych informacji poufnych z Twojego urz\u0105dzenia.<\/li>\n<\/ul>\n<h3>Cele<\/h3>\n<p>Wykorzystujemy tak\u017ce pliki Cookies podmiot\u00f3w zewn\u0119trznych w nast\u0119puj\u0105cych celach:<\/p>\n<ul>\n<li>konfiguracji Sklepu Internetowego;<\/li>\n<li>tworzenia statystyk, kt\u00f3re pomagaj\u0105 zrozumie\u0107, w jaki spos\u00f3b u\u017cytkownicy sklepu internetowego korzystaj\u0105 ze stron internetowych, co umo\u017cliwia ulepszanie ich struktury i zawarto\u015bci za po\u015brednictwem narz\u0119dzi analitycznych Google Analytics, kt\u00f3rych administratorem jest Google Ireland Ltd. z siedzib\u0105 w Irlandii, Polityka ochrony prywatno\u015bci Google jest dost\u0119pna pod nast\u0119puj\u0105cym linkiem: https:\/\/policies.google.com\/privacy?fg=1;<\/li>\n<li>okre\u015blania profilu Klienta w celu wy\u015bwietlania mu dopasowanych materia\u0142\u00f3w w sieciach reklamowych, z wykorzystaniem narz\u0119dzia internetowej reklamy Google Ads, kt\u00f3rego administratorem jest Google Ireland Ltd. z siedzib\u0105 w Irlandii, Polityka ochrony prywatno\u015bci Google jest dost\u0119pna pod nast\u0119puj\u0105cym linkiem: https:\/\/policies.google.com\/privacy?fg=1.<\/li>\n<\/ul>\n<p>Aby pozna\u0107 zasady korzystania z Cookies, zalecamy zapoznanie si\u0119 z politykami prywatno\u015bci wy\u017cej wskazanych firm.<\/p>\n<p>Cookies mog\u0105 by\u0107 wykorzystane przez sieci reklamowe, w szczeg\u00f3lno\u015bci sie\u0107 Google, do wy\u015bwietlenia reklam dopasowanych do Twoich preferencji. W tym celu mog\u0105 zosta\u0107 zachowane informacje o sposobie poruszania si\u0119 przez Ciebie w sieci lub czasie skorzystania ze strony internetowej.<\/p>\n<p>Aby przegl\u0105da\u0107 i edytowa\u0107 informacje o Twoich preferencjach, gromadzonych przez sie\u0107 reklamow\u0105 Google, mo\u017cesz skorzysta\u0107 z narz\u0119dzia zamieszczonego pod linkiem https:\/\/www.google.com\/ads\/preferences\/.<\/p>\n<p>Za pomoc\u0105 ustawie\u0144 przegl\u0105darki internetowej lub za pomoc\u0105 konfiguracji us\u0142ugi, mo\u017cesz samodzielnie i w ka\u017cdym czasie zmieni\u0107 ustawienia dotycz\u0105ce Cookies, okre\u015blaj\u0105c warunki ich przechowywania i uzyskiwania dost\u0119pu przez Cookies do Twojego urz\u0105dzenia. Ustawienia te mo\u017cesz zmieni\u0107 tak, aby blokowa\u0107 automatyczn\u0105 obs\u0142ug\u0119 Cookies w ustawieniach przegl\u0105darki internetowej b\u0105d\u017a informowa\u0107 o ich ka\u017cdorazowym zamieszczeniu na Twoim urz\u0105dzeniu. Szczeg\u00f3\u0142owe informacje o mo\u017cliwo\u015bci i sposobach obs\u0142ugi Cookies dost\u0119pne s\u0105 w ustawieniach Twojego oprogramowania (przegl\u0105darki internetowej).<\/p>\n","protected":false},"excerpt":{"rendered":"<p>Pliki \u201ecookies\u201d Informacje og\u00f3lne Podczas przegl\u0105dania stron internetowych Sklepu Internetowego s\u0105 u\u017cywane pliki &#8220;cookies&#8221;, zwane dalej Cookies, czyli niewielkie informacje tekstowe, kt\u00f3re s\u0105 zapisywane w Twoim urz\u0105dzeniu ko\u0144cowym w zwi\u0105zku z korzystaniem ze Sklepu Internetowego. Ich stosowanie ma na celu poprawne dzia\u0142anie stron internetowych Sklepu Internetowego. Pliki te pozwalaj\u0105 zidentyfikowa\u0107 oprogramowanie wykorzystywane przez Ciebie i [&hellip;]<\/p>\n","protected":false},"author":1,"featured_media":0,"parent":100247,"menu_order":0,"comment_status":"closed","ping_status":"closed","template":"","meta":{"_et_pb_use_builder":"","_et_pb_old_content":"","_et_gb_content_width":"1080","inline_featured_image":false,"_monsterinsights_skip_tracking":false,"_monsterinsights_sitenote_active":false,"_monsterinsights_sitenote_note":"","_monsterinsights_sitenote_category":0,"footnotes":""},"difl_page_category":[],"class_list":["post-100249","page","type-page","status-publish","hentry"],"aioseo_notices":[],"_links":{"self":[{"href":"https:\/\/wwskincare.com\/en\/wp-json\/wp\/v2\/pages\/100249","targetHints":{"allow":["GET"]}}],"collection":[{"href":"https:\/\/wwskincare.com\/en\/wp-json\/wp\/v2\/pages"}],"about":[{"href":"https:\/\/wwskincare.com\/en\/wp-json\/wp\/v2\/types\/page"}],"author":[{"embeddable":true,"href":"https:\/\/wwskincare.com\/en\/wp-json\/wp\/v2\/users\/1"}],"replies":[{"embeddable":true,"href":"https:\/\/wwskincare.com\/en\/wp-json\/wp\/v2\/comments?post=100249"}],"version-history":[{"count":2,"href":"https:\/\/wwskincare.com\/en\/wp-json\/wp\/v2\/pages\/100249\/revisions"}],"predecessor-version":[{"id":103337,"href":"https:\/\/wwskincare.com\/en\/wp-json\/wp\/v2\/pages\/100249\/revisions\/103337"}],"up":[{"embeddable":true,"href":"https:\/\/wwskincare.com\/en\/wp-json\/wp\/v2\/pages\/100247"}],"wp:attachment":[{"href":"https:\/\/wwskincare.com\/en\/wp-json\/wp\/v2\/media?parent=100249"}],"wp:term":[{"taxonomy":"difl_page_category","embeddable":true,"href":"https:\/\/wwskincare.com\/en\/wp-json\/wp\/v2\/difl_page_category?post=100249"}],"curies":[{"name":"wp","href":"https:\/\/api.w.org\/{rel}","templated":true}]}}